{"id":29753,"date":"2026-02-10T18:21:45","date_gmt":"2026-02-10T18:21:45","guid":{"rendered":"https:\/\/staging.amend.org\/mentions-legales\/"},"modified":"2026-02-10T18:37:41","modified_gmt":"2026-02-10T18:37:41","slug":"mentions-legales","status":"publish","type":"page","link":"https:\/\/staging.amend.org\/fr\/mentions-legales\/","title":{"rendered":"MENTIONS L\u00c9GALES"},"content":{"rendered":"\t\t<div data-elementor-type=\"wp-page\" data-elementor-id=\"29753\" class=\"elementor elementor-29753 elementor-29747\" data-elementor-post-type=\"page\">\n\t\t\t\t<div class=\"elementor-element elementor-element-8c38f52 e-flex e-con-boxed e-con e-parent\" data-id=\"8c38f52\" data-element_type=\"container\" data-e-type=\"container\" data-settings=\"{&quot;jet_parallax_layout_list&quot;:[]}\">\n\t\t\t\t\t<div class=\"e-con-inner\">\n\t\t\t\t<div class=\"elementor-element elementor-element-1592482 elementor-widget elementor-widget-text-editor\" data-id=\"1592482\" data-element_type=\"widget\" data-e-type=\"widget\" data-widget_type=\"text-editor.default\">\n\t\t\t\t<div class=\"elementor-widget-container\">\n\t\t\t\t\t\t\t\t\t<h1><em>MENTIONS L\u00c9GALES<\/em><\/h1><p><em>(Derni\u00e8re mise \u00e0 jour : 29 janvier 2026)<\/em><\/p><p><\/p><h2 class=\"wp-block-heading\"><strong>1. \u00c9diteur du site<\/strong><\/h2><p><\/p><p>Le pr\u00e9sent site web <strong>staging.amend.org<\/strong> (le \u00ab Site \u00bb) est \u00e9dit\u00e9 par :<\/p><p><\/p><p><strong>AMEND ORG<\/strong><strong><br><\/strong>Forme juridique : United States 501(c)(3) not-for-profit<br>Si\u00e8ge social : 64 Bleecker Street #240, New York, NY 10012, USA<br>EIN : 20-2614698<br>Email : info@staging.amend.org<br>Directeur de la publication : Jeffrey Witte, Directeur ex\u00e9cutif<\/p><p><\/p><hr class=\"wp-block-separator has-alpha-channel-opacity\"><p><\/p><h2 class=\"wp-block-heading\"><strong>2. H\u00e9bergeur du site<\/strong><\/h2><p><\/p><p>Ce Site est h\u00e9berg\u00e9 par :<\/p><p><\/p><p><strong>Cloudways<\/strong><strong><br><\/strong>Soci\u00e9t\u00e9 : DigitalOcean, LLC op\u00e9rant sous le nom commercial \u00ab Cloudways by DigitalOcean \u00bb<\/p><p><\/p><p>Adresse : 101 6th Avenue, New York, NY 10013, United States <br>Site web : https:\/\/www.cloudways.com\/<\/p><p><\/p><hr class=\"wp-block-separator has-alpha-channel-opacity\"><p><\/p><h2 class=\"wp-block-heading\"><strong>3. Propri\u00e9t\u00e9 intellectuelle<\/strong><\/h2><p><\/p><p>Sauf mention contraire, tout le contenu disponible sur le Site (y compris les textes, images, vid\u00e9os, illustrations, logos, documents t\u00e9l\u00e9chargeables, ainsi que la structure et le design du site) est la propri\u00e9t\u00e9 exclusive de <strong>AMEND ORG<\/strong>, ou est utilis\u00e9 sous licence.<\/p><p><\/p><p>Toute reproduction, repr\u00e9sentation, modification, publication, adaptation ou exploitation (totale ou partielle) de tout contenu de ce Site, par quelque proc\u00e9d\u00e9 que ce soit, est interdite sans l&rsquo;autorisation \u00e9crite pr\u00e9alable de <strong>AMEND ORG<\/strong>.<\/p><p><\/p><hr class=\"wp-block-separator has-alpha-channel-opacity\"><p><\/p><h2 class=\"wp-block-heading\"><strong>4. Liens externes<\/strong><\/h2><p><\/p><p>Le Site peut contenir des liens vers des sites web de tiers. <strong>AMEND ORG<\/strong> n&rsquo;est pas responsable du contenu, des politiques de confidentialit\u00e9 ou des pratiques de ces sites tiers.<\/p><p><\/p><hr class=\"wp-block-separator has-alpha-channel-opacity\"><p><\/p><h2 class=\"wp-block-heading\"><strong>5. Limitation de responsabilit\u00e9<\/strong><\/h2><p><\/p><p><strong>AMEND ORG<\/strong> met en \u0153uvre des efforts raisonnables pour s&rsquo;assurer que les informations figurant sur le Site sont exactes et \u00e0 jour. Toutefois, <strong>AMEND ORG<\/strong> ne peut garantir l&rsquo;exactitude, l&rsquo;exhaustivit\u00e9 ou l&rsquo;actualit\u00e9 des informations publi\u00e9es sur le Site. <\/p><p><\/p><p>L&rsquo;utilisation du Site se fait sous la seule responsabilit\u00e9 de l&rsquo;utilisateur.<\/p><p><\/p><hr class=\"wp-block-separator has-alpha-channel-opacity\"><p><\/p><h2 class=\"wp-block-heading\"><strong>6. Donn\u00e9es personnelles<\/strong><\/h2><p><\/p><p>Le traitement des donn\u00e9es personnelles est d\u00e9crit dans notre <strong>Politique de Confidentialit\u00e9<\/strong> disponible \u00e0 l&rsquo;adresse suivante : <strong>https:\/\/staging.amend.org\/fr\/a-propos-damend\/#privacy_policy<\/strong>.<\/p><p><\/p><p>Pour toute demande relative \u00e0 la protection des donn\u00e9es, veuillez contacter : <strong>info@staging.amend.org<\/strong>.<\/p><p><\/p><hr class=\"wp-block-separator has-alpha-channel-opacity\"><p><\/p><h2 class=\"wp-block-heading\"><strong>7. Cookies<\/strong><\/h2><p><\/p><p>Le Site peut utiliser des cookies ou des technologies similaires n\u00e9cessaires \u00e0 son bon fonctionnement (par exemple, des cookies techniques, de s\u00e9curit\u00e9 ou d&rsquo;analyse).<\/p><p><\/p><p>Lorsque des cookies non essentiels sont utilis\u00e9s, votre consentement peut \u00eatre requis.<\/p><p><\/p><hr class=\"wp-block-separator has-alpha-channel-opacity\"><p><\/p><h2 class=\"wp-block-heading\"><strong>8. Entit\u00e9s locales enregistr\u00e9es (pr\u00e9sence internationale)<\/strong><\/h2><p><\/p><p><strong>AMEND ORG<\/strong> op\u00e8re par le biais de plusieurs entit\u00e9s enregistr\u00e9es localement selon la juridiction.<\/p><p><\/p><p>Les principales entit\u00e9s locales comprennent :<\/p><p><\/p><h3 class=\"wp-block-heading\"><strong>\u00c9tats-Unis (Si\u00e8ge \/ Entit\u00e9 principale)<\/strong><\/h3><p><\/p><p><strong>AMEND ORG<\/strong><strong><br><\/strong>Statut : 501(c)(3) not-for-profit <br>Adresse : 64 Bleecker Street #240, New York, NY 10012, USA <br>EIN : 20-2614698<\/p><p><\/p><h3 class=\"wp-block-heading\"><strong>France<\/strong><\/h3><p><\/p><p><strong>AMEND FRANCE<\/strong><strong><br><\/strong>Statut : association loi de 1901<br>Adresse : 17 rue Roux Alph\u00e9ran, 13100 Aix-en-Provence, France<br>SIREN : 880968003<\/p><p><\/p><h3 class=\"wp-block-heading\"><strong>Ghana<\/strong><\/h3><p><\/p><p><strong>AMEND ROAD SAFETY GHANA<\/strong><strong><br><\/strong>Statut : Company Limited by Guarantee<br>Adresse : GHANA HIGHWAY AUTHORITY, MATERIALS COMPOUND, GIFFARD ROAD, P. O. BOX GP 21373, ACCRA <br>Num\u00e9ro d&rsquo;enregistrement : CGO65552016<\/p><p><\/p><h3 class=\"wp-block-heading\"><strong>Tanzanie<\/strong><\/h3><p><\/p><p><strong>AMEND.ORG(T)<\/strong><strong><br><\/strong>Statut : International Non-Governmental Organization registered under the Non-Governmental Organizations Act, 2002<br>Adresse : Plot T.31, Block 4, Sokoine Drive Dar es Salaam, Tanzania<br>Num\u00e9ro d&rsquo;enregistrement : I-NGO\/00006758<\/p><p><\/p><h3 class=\"wp-block-heading\"><strong>Mozambique<\/strong><\/h3><p><\/p><p><strong>AMEND<\/strong><strong><br><\/strong>Statut : Foreign \/ International Non-Governmental Organization authorised to operate in the Republic of Mozambique pursuant to Decree No. 55\/98 of 13 October, by Ministerial Authorisation (Despacho).<br>Adresse : Rua John Issa, No.10, Maputo, Mozambique<br>Num\u00e9ro d&rsquo;enregistrement : 6688\/MINEC.DAJC.DONG\/2024<\/p><p><\/p><hr class=\"wp-block-separator has-alpha-channel-opacity\"><p><\/p><h2 class=\"wp-block-heading\"><strong>9. Contact<\/strong><\/h2><p><\/p><p>Pour toute question concernant ce Site, veuillez contacter :<\/p><p><\/p><p><strong>AMEND<\/strong><strong><br><\/strong>Email : info@staging.amend.org<br>Adresse : 64 Bleecker Street #240, New York, NY 10012, USA<\/p><p> <\/p>\t\t\t\t\t\t\t\t<\/div>\n\t\t\t\t<\/div>\n\t\t\t\t\t<\/div>\n\t\t\t\t<\/div>\n\t\t\t\t<\/div>\n\t\t","protected":false},"excerpt":{"rendered":"<p>MENTIONS L\u00c9GALES (Derni\u00e8re mise \u00e0 jour : 29 janvier 2026) 1. \u00c9diteur du site Le pr\u00e9sent site web staging.amend.org (le \u00ab Site \u00bb) est \u00e9dit\u00e9 par : AMEND ORGForme juridique : United States 501(c)(3) not-for-profitSi\u00e8ge social : 64 Bleecker Street #240, New York, NY 10012, USAEIN : 20-2614698Email : info@staging.amend.orgDirecteur de la publication : Jeffrey [&hellip;]<\/p>\n","protected":false},"author":1,"featured_media":0,"parent":0,"menu_order":0,"comment_status":"closed","ping_status":"closed","template":"","meta":{"footnotes":""},"class_list":["post-29753","page","type-page","status-publish","hentry"],"_links":{"self":[{"href":"https:\/\/staging.amend.org\/fr\/wp-json\/wp\/v2\/pages\/29753","targetHints":{"allow":["GET"]}}],"collection":[{"href":"https:\/\/staging.amend.org\/fr\/wp-json\/wp\/v2\/pages"}],"about":[{"href":"https:\/\/staging.amend.org\/fr\/wp-json\/wp\/v2\/types\/page"}],"author":[{"embeddable":true,"href":"https:\/\/staging.amend.org\/fr\/wp-json\/wp\/v2\/users\/1"}],"replies":[{"embeddable":true,"href":"https:\/\/staging.amend.org\/fr\/wp-json\/wp\/v2\/comments?post=29753"}],"version-history":[{"count":3,"href":"https:\/\/staging.amend.org\/fr\/wp-json\/wp\/v2\/pages\/29753\/revisions"}],"predecessor-version":[{"id":29756,"href":"https:\/\/staging.amend.org\/fr\/wp-json\/wp\/v2\/pages\/29753\/revisions\/29756"}],"wp:attachment":[{"href":"https:\/\/staging.amend.org\/fr\/wp-json\/wp\/v2\/media?parent=29753"}],"curies":[{"name":"wp","href":"https:\/\/api.w.org\/{rel}","templated":true}]}}